{"id":167,"date":"2023-05-25T15:20:53","date_gmt":"2023-05-25T13:20:53","guid":{"rendered":"https:\/\/infobusinesszone.com\/?page_id=167"},"modified":"2023-05-25T15:23:55","modified_gmt":"2023-05-25T13:23:55","slug":"privacy-policy","status":"publish","type":"page","link":"https:\/\/infobusinesszone.com\/index.php\/privacy-policy\/","title":{"rendered":"PRIVACY POLICY"},"content":{"rendered":"\n<figure class=\"wp-block-table\"><table><tbody><tr><td><strong>Informativa per il trattamento dei dati personali<\/strong> <strong>Sito Internet<\/strong><\/td><\/tr><tr><td>Ai sensi del \u201cRegolamento generale sulla protezione dei dati\u201d \u2013 Regolamento (UE) 2016\/679 (GDPR)<\/td><\/tr><\/tbody><\/table><figcaption class=\"wp-element-caption\">Via Roma 49 \u2013 31047 (TV)<br>C.F. BLDLDA67H41L407M &#8211; P.IVA 04769920275<br>Tel. 0422\/1292113 &#8211; 375\/7743831<br>E-mail: interno@infobusinesszone.com<\/figcaption><\/figure>\n\n\n\n<p>Ai sensi dell\u2019art.13 del Regolamento Europeo n.679\/2016, <strong>BUSINESS ZONE DI BALDAN ALDA.,<\/strong> in qualit\u00e0 di Titolare del Trattamento, \u00e8 tenuta a fornire alcune informazioni riguardanti l\u2019utilizzo dei dati personali dei visitatori\/utenti di questo sito, di seguito definiti \u201cInteressati\u201d.<\/p>\n\n\n\n<p>La presente privacy policy si applica esclusivamente ai dati personali raccolti attraverso il sito www.infobusinesszone.com; non si applica ad altri siti web esterni consultabili eventualmente tramite link presenti sulle pagine del sito.<\/p>\n\n\n\n<p>Lo scopo dell&#8217;informativa privacy \u00e8 di fornire la massima trasparenza relativamente alle informazioni che il sito raccoglie e come le usa.<\/p>\n\n\n\n<p><strong>TITOLARE DEL TRATTAMENTO:<\/strong><\/p>\n\n\n\n<p>Il titolare del trattamento \u00e8 <strong>BUSINESS ZONE DI BALDAN ALDA<\/strong> Via Roma 49 \u2013 31047 Ponte di Piave (TV), tel. 0422\/1292113, e-mail interno@infobusinesszone.com.<\/p>\n\n\n\n<p><strong>FONTE E CATEGORIA DEI DATI:<\/strong><\/p>\n\n\n\n<p>I dati personali sono raccolti direttamente presso l\u2019Interessato e sono:<\/p>\n\n\n\n<ul>\n<li>Dati forniti volontariamente attraverso la compilazione del form presente sul sito per la richiesta di informazioni e prenotazione spazi o l\u2019invio volontario di posta elettronica agli indirizzi indicati in questo sito. Si precisa che l\u2019invio volontario di mail non necessita di ulteriori informative o richieste di consenso; al contrario, per particolari servizi a richiesta (form), l\u2019Interessato dovr\u00e0 acconsentire esplicitamente all\u2019utilizzo dei dati riportati per poter inviare la richiesta.<\/li>\n\n\n\n<li>Dati di navigazione.&nbsp;I sistemi informatici e gli applicativi dedicati al funzionamento del sito rilevano, nel corso del loro normale funzionamento, alcuni dati (la cui trasmissione \u00e8 implicita nell\u2019uso dei protocolli di comunicazione di Internet) non associati a utenti direttamente identificabili (ad esempio gli indirizzi IP). Questi dati vengono trattati, per il tempo strettamente necessario, al solo fine di controllare il regolare funzionamento del sito o, conformemente alle leggi vigenti in materia, al fine di bloccare tentativi di danneggiamento al sito o di recare danno ad altri utenti.<\/li>\n\n\n\n<li>Cookies.&nbsp;I cookies operano al fine di analizzare l\u2019efficacia del sito e renderlo nel tempo pi\u00f9 facile ed intuitivo. Questo sito utilizza solo cookies tecnici di sessione per la trasmissione di informazioni di carattere personale, che non vengono conservati dopo la fine della sessione. Per maggiori informazioni su cosa sono i cookies, come vengono utilizzati in questo sito e come possono essere eventualmente rimossi \u00e8 disponibile un\u2019apposita \u201ccookie policy\u201d mettere link alla cookie policy<\/li>\n<\/ul>\n\n\n\n<p><strong>FINALIT\u00c0 DI TRATTAMENTO DEI DATI E BASE GIURIDICA:<\/strong><\/p>\n\n\n\n<p>Il trattamento dei dati personali raccolti ed archiviati in relazione alla compilazione del form ha come base giuridica il consenso dell\u2019Interessato ed \u00e8 effettuato per dare riscontro all\u2019Interessato in merito al servizio richiesto.<\/p>\n\n\n\n<p>L\u2019espressione del consenso alla raccolta e al trattamento dei dati \u00e8 facoltativa. L\u2019Interessato lo pu\u00f2 negare e pu\u00f2 revocare in qualsiasi momento un consenso gi\u00e0 fornito (tramite il seguente indirizzo e-mail interno@infobusinesszone.com). Tuttavia, negare il consenso pu\u00f2 comportare l&#8217;impossibilit\u00e0 di erogare alcuni servizi e l&#8217;esperienza di navigazione nel sito potrebbe essere compromessa. Nello specifico per il form, la prestazione del consenso al trattamento dati tramite apposita spunta \u00e8 facoltativa, ma indispensabile per procedere con l\u2019invio del form stesso.<\/p>\n\n\n\n<p>L\u2019indirizzo e-mail raccolto tramite form pu\u00f2 essere trattato dal Titolare del Trattamento anche per invio a mezzo posta elettronica di comunicazioni promozionali aventi come oggetto prodotti analoghi a quelli gi\u00e0 acquistati dall\u2019Interessato stesso, c.d. \u201csoft spam\u201d (art. 130, comma 4, Codice Privacy cos\u00ec come novellato dal D.Lgs n.101 del 2018). In questo caso il consenso preventivo del cliente non \u00e8 necessario, ma il cliente pu\u00f2 in qualsiasi momento esercitare il proprio diritto di opposizione (tramite il seguente indirizzo e-mail <a href=\"mailto:interno@infobusinesszone.com\">interno@infobusinesszone.com<\/a>).<\/p>\n\n\n\n<h4 class=\"wp-block-heading\">Al fine di dare riscontro all\u2019Interessato in caso di richieste di informazioni e\/o supporto, \u00e8 attiva anche una funzione di live chat accessibile cliccando sull\u2019icona Whatsapp Business. Si tratta di un servizio fornito da WhatsApp Ireland Limited &#8211; Luogo del trattamento: Irlanda \u2013 alla cui <a href=\"https:\/\/faq.whatsapp.com\/1148840052398648\/?helpref=uf_share\" target=\"_blank\" rel=\"noreferrer noopener\">Privacy Policy<\/a> si rimanda.<\/h4>\n\n\n\n<p><strong>MISURE DI SICUREZZA:<\/strong><\/p>\n\n\n\n<p>Questo sito tratta i dati degli Interessati in maniera lecita e corretta, adottando le opportune misure di sicurezza volte ad impedire accessi non autorizzati, divulgazione, modifica o distruzione non autorizzata dei dati. Il trattamento viene effettuato mediante strumenti informatici e\/o telematici, con modalit\u00e0 organizzative e con logiche strettamente correlate alle finalit\u00e0 indicate. In particolare, il software di gestione del sito \u00e8 costantemente aggiornato, e regolarmente scansionato al fine di verificare la presenza di virus e codici pericolosi. Questo sito utilizza il protocollo HTTPS che garantisce maggiore sicurezza alla trasmissione dei dati, impendendo a terzi non autorizzati di intercettare la comunicazione e certificando l\u2019affidabilit\u00e0 del dominio.<\/p>\n\n\n\n<p><strong>DESTINATARI DEI DATI:<\/strong><\/p>\n\n\n\n<p>Nei limiti pertinenti alle finalit\u00e0 di trattamento indicate, i dati dell\u2019Interessato potranno essere comunicati a partner, societ\u00e0 di consulenza, aziende private, nominati Responsabili dal Titolare del Trattamento o individuati come Titolari autonomi del Trattamento o per obblighi di legge o per adempiere a specifiche richieste. L\u2019elenco dei destinatari pu\u00f2 essere richiesto in qualsiasi momento al Titolare del Trattamento. I dati non saranno in alcun modo oggetto di diffusione.<\/p>\n\n\n\n<p><strong>LUOGO DEL TRATTAMENTO<\/strong><\/p>\n\n\n\n<p>I trattamenti connessi ai servizi Web di questo sito hanno luogo presso la sede operativa di Business Zone di Baldan Alda e sono curati solo da personale tecnico incaricato del trattamento, oppure da eventuali incaricati di occasionali operazioni di manutenzione. Nessun dato derivante dal servizio web viene comunicato o diffuso.<\/p>\n\n\n\n<p>I dati personali raccolti vengono trattati in Europa.<\/p>\n\n\n\n<p><strong>PERIODO DI CONSERVAZIONE:<\/strong><\/p>\n\n\n\n<p>I dati raccolti verranno conservati per un arco di tempo non superiore al conseguimento delle finalit\u00e0 per le quali sono trattati (\u201cprincipio di limitazione della conservazione\u201d, art.5, GDPR) o in base alle scadenze previste dalle norme di legge. Per le finalit\u00e0 la cui base giuridica \u00e8 il consenso, i dati personali saranno trattati e conservati dal Titolare fino a revoca del consenso stesso da parte dell\u2019Interessato oppure fino all\u2019esercizio, da parte dell\u2019Interessato, del diritto di cancellazione dei dati personali. \u00c8 previsto che sia effettuata una verifica periodica sui dati trattati e sulla possibilit\u00e0 di poterli cancellare se non pi\u00f9 necessari per le finalit\u00e0 previste.<\/p>\n\n\n\n<p><strong>DIRITTI DELL\u2019INTERESSATO:<\/strong><\/p>\n\n\n\n<p>In qualunque momento l\u2019Interessato ha diritto, ai sensi degli artt. 7, da 15 a 22 e 34 del Regolamento Europeo n.679\/2016, di richiedere al Titolare del Trattamento l\u2019accesso ai suoi dati, la rettifica o la cancellazione degli stessi, la limitazione del trattamento o la possibilit\u00e0 di opporsi al trattamento, di richiedere la portabilit\u00e0 dei dati, di revocare il consenso al trattamento tramite semplice comunicazione all\u2019indirizzo interno@infobusinesszone.com.<\/p>\n\n\n\n<p>L\u2019interessato, qualora ritenga che il trattamento dei suoi dati personali avvenga in violazione di quanto previsto dal Regolamento Europeo n.679\/2016, ha il diritto di proporre reclamo, come previsto dall&#8217;art. 77 del Regolamento stesso, o di adire le opportune sedi giudiziarie (ex art. 79).<\/p>\n\n\n\n<p><strong>AGGIORNAMENTI<\/strong><\/p>\n\n\n\n<p>La presente cookie policy \u00e8 aggiornata alla data del 23 Maggio 2023.<\/p>\n","protected":false},"excerpt":{"rendered":"<p>Informativa per il trattamento dei dati personali Sito Internet Ai sensi del \u201cRegolamento generale sulla protezione dei dati\u201d \u2013 Regolamento (UE) 2016\/679 (GDPR) Via Roma 49 \u2013 31047 (TV)C.F. BLDLDA67H41L407M &#8211; P.IVA 04769920275Tel. 0422\/1292113 &#8211; 375\/7743831E-mail: interno@infobusinesszone.com Ai sensi dell\u2019art.13 del Regolamento Europeo n.679\/2016, BUSINESS ZONE DI BALDAN ALDA., in [&hellip;]<\/p>\n","protected":false},"author":1,"featured_media":0,"parent":0,"menu_order":0,"comment_status":"closed","ping_status":"closed","template":"","meta":[],"_links":{"self":[{"href":"https:\/\/infobusinesszone.com\/index.php\/wp-json\/wp\/v2\/pages\/167"}],"collection":[{"href":"https:\/\/infobusinesszone.com\/index.php\/wp-json\/wp\/v2\/pages"}],"about":[{"href":"https:\/\/infobusinesszone.com\/index.php\/wp-json\/wp\/v2\/types\/page"}],"author":[{"embeddable":true,"href":"https:\/\/infobusinesszone.com\/index.php\/wp-json\/wp\/v2\/users\/1"}],"replies":[{"embeddable":true,"href":"https:\/\/infobusinesszone.com\/index.php\/wp-json\/wp\/v2\/comments?post=167"}],"version-history":[{"count":3,"href":"https:\/\/infobusinesszone.com\/index.php\/wp-json\/wp\/v2\/pages\/167\/revisions"}],"predecessor-version":[{"id":173,"href":"https:\/\/infobusinesszone.com\/index.php\/wp-json\/wp\/v2\/pages\/167\/revisions\/173"}],"wp:attachment":[{"href":"https:\/\/infobusinesszone.com\/index.php\/wp-json\/wp\/v2\/media?parent=167"}],"curies":[{"name":"wp","href":"https:\/\/api.w.org\/{rel}","templated":true}]}}